{"id":4385,"date":"2023-11-13T03:28:13","date_gmt":"2023-11-13T03:28:13","guid":{"rendered":"https:\/\/demo.7iquid.tech\/basilico\/luxury\/?page_id=4385"},"modified":"2026-01-09T06:04:55","modified_gmt":"2026-01-09T06:04:55","slug":"poytavaraus","status":"publish","type":"page","link":"https:\/\/visitnaantali.fi\/ravintolatrappi\/poytavaraus\/","title":{"rendered":"P\u00f6yt\u00e4varaus"},"content":{"rendered":"\t\t<div data-elementor-type=\"wp-page\" data-elementor-id=\"4385\" class=\"elementor elementor-4385\">\n\t\t\t\t        <section class=\"elementor-section elementor-top-section elementor-element elementor-element-fc7f300 elementor-section-full_width elementor-section-height-default elementor-section-height-default pxl-section-offset-none pxl-section-static-pos-no pxl-section-overflow-hidden-no\" data-id=\"fc7f300\" data-element_type=\"section\" data-settings=\"{&quot;background_background&quot;:&quot;classic&quot;}\">\n\n                \n                <div class=\"elementor-container elementor-column-gap-no \">\n                <div class=\"elementor-column elementor-col-50 elementor-top-column elementor-element elementor-element-9dfae47 pxl-column-element-default pxl-column-fullwidth-no\" data-id=\"9dfae47\" data-element_type=\"column\">\r\n        <div class=\"elementor-widget-wrap elementor-element-populated\">\r\n                            <section class=\"elementor-section elementor-inner-section elementor-element elementor-element-991d1c0 elementor-section-boxed elementor-section-height-default elementor-section-height-default pxl-section-static-pos-no pxl-section-overflow-hidden-no\" data-id=\"991d1c0\" data-element_type=\"section\">\n\n                \n                <div class=\"elementor-container elementor-column-gap-no \">\n                <div class=\"elementor-column elementor-col-100 elementor-inner-column elementor-element elementor-element-77d19ec pxl-column-element-default pxl-column-fullwidth-no\" data-id=\"77d19ec\" data-element_type=\"column\">\r\n        <div class=\"elementor-widget-wrap elementor-element-populated\">\r\n                    \t\t<div class=\"elementor-element elementor-element-2c76f89 pxl-divider-align--tablet_extracenter elementor-widget elementor-widget-pxl_divider\" data-id=\"2c76f89\" data-element_type=\"widget\" data-widget_type=\"pxl_divider.default\">\n\t\t\t\t<div class=\"elementor-widget-container\">\n\t\t\t\t\t\n<div class=\"pxl-widget-divider\">\n\t<div class=\"pxl-divider style-2\">\n\t\t\t\t\t<div class=\"diamond-icon\"><\/div>\n\t\t\t<\/div>\n<\/div>\t\t\t\t<\/div>\n\t\t\t\t<\/div>\n\t\t\t\t<div class=\"elementor-element elementor-element-8a787b6 pxl-heading-align--tablet_extracenter pxl-heading-layout-1 elementor-widget elementor-widget-pxl_heading\" data-id=\"8a787b6\" data-element_type=\"widget\" data-widget_type=\"pxl_heading.default\">\n\t\t\t\t<div class=\"elementor-widget-container\">\n\t\t\t\t\t<div class=\"pxl-heading-wrap d-flex layout1\">\n    <div class=\"pxl-heading-inner\">\n                            <div class=\"heading-subtitle\">\n                <span class=\"subtitle-text \">Varaus<\/span>\n            <\/div>\n                <h2 class=\"heading-title pxl-split-text split-words-scale\">\n                        P\u00f6yt\u00e4varaus                    <\/h2>\n                    <div class=\"heading-description\">\n                <span>HUOM! HUOM! HUOM! Ravintolamme vet\u00e4ytyy remonttitauolle 7.1.\u201329.1. v\u00e4liseksi ajaksi. F\u00f6ribaari palvelee viikonloppuisin pe\u2013su, ja ryhmille erikseen sovitavissa.<br \/>\n<br \/>\nSamalle p\u00e4iv\u00e4lle teht\u00e4v\u00e4t p\u00f6yt\u00e4varaukset pyyd\u00e4mme yst\u00e4v\u00e4llisesti tekem\u00e4\u00e4n puhelimitse numerosta 044 709 4080 tai k\u00e4ym\u00e4ll\u00e4 suoraan ravintolassamme.<br \/>\n<br \/>\nYli 8 hengen seurueille pyyd\u00e4mme tekem\u00e4\u00e4n varauksen joko soittamalla tai l\u00e4hett\u00e4m\u00e4ll\u00e4 s\u00e4hk\u00f6postia osoitteeseen asiakaspalvelu@ravintolatrappi.fi. N\u00e4in voimme varmistaa teille parhaan mahdollisen palvelun.<br \/>\n<br \/>\nMik\u00e4li haluatte muuttaa tai perua varauksenne, otattehan meihin yhteytt\u00e4 puhelimitse tai s\u00e4hk\u00f6postitse.<br \/>\n<br \/>\nL\u00e4mpim\u00e4sti tervetuloa!<\/span>\n            <\/div>\n            <\/div>\n<\/div>\t\t\t\t<\/div>\n\t\t\t\t<\/div>\n\t\t\t\t<div class=\"elementor-element elementor-element-29da585 elementor-widget elementor-widget-pxl_contact_form\" data-id=\"29da585\" data-element_type=\"widget\" data-widget_type=\"pxl_contact_form.default\">\n\t\t\t\t<div class=\"elementor-widget-container\">\n\t\t\t\t\t        <div id=\"pxl_contact_form-29da585-9106\" class=\"pxl-contact-form7\">\n            <div class=\"pxl-contact-form-inner \">\n                \n<div class=\"wpcf7 no-js\" id=\"wpcf7-f1957-o1\" lang=\"en-US\" dir=\"ltr\" data-wpcf7-id=\"1957\">\n<div class=\"screen-reader-response\"><p role=\"status\" aria-live=\"polite\" aria-atomic=\"true\"><\/p> <ul><\/ul><\/div>\n<form action=\"\/ravintolatrappi\/wp-json\/wp\/v2\/pages\/4385#wpcf7-f1957-o1\" method=\"post\" class=\"wpcf7-form init\" aria-label=\"Contact form\" novalidate=\"novalidate\" data-status=\"init\">\n<fieldset class=\"hidden-fields-container\"><input type=\"hidden\" name=\"_wpcf7\" value=\"1957\" \/><input type=\"hidden\" name=\"_wpcf7_version\" value=\"6.1.2\" \/><input type=\"hidden\" name=\"_wpcf7_locale\" value=\"en_US\" \/><input type=\"hidden\" name=\"_wpcf7_unit_tag\" value=\"wpcf7-f1957-o1\" \/><input type=\"hidden\" name=\"_wpcf7_container_post\" value=\"0\" \/><input type=\"hidden\" name=\"_wpcf7_posted_data_hash\" value=\"\" \/>\n<\/fieldset>\n<div class=\"wpcf7-turnstile cf-turnstile\" data-sitekey=\"0x4AAAAAABkZCVWD8n5h8j0v\" data-response-field-name=\"_wpcf7_turnstile_response\"><\/div>\n\n<div class=\"row g-20\">\n    <div class=\"ct-input col-lg-6\"><span class=\"wpcf7-form-control-wrap\" data-name=\"ct_name\"><input size=\"40\" maxlength=\"400\" class=\"wpcf7-form-control wpcf7-text wpcf7-validates-as-required\" aria-required=\"true\" aria-invalid=\"false\" placeholder=\"Nimi*\" value=\"\" type=\"text\" name=\"ct_name\" \/><\/span><\/div>\n    <div class=\"ct-input col-lg-6\"><span class=\"wpcf7-form-control-wrap\" data-name=\"ct_email\"><input size=\"40\" maxlength=\"400\" class=\"wpcf7-form-control wpcf7-email wpcf7-validates-as-required wpcf7-text wpcf7-validates-as-email\" aria-required=\"true\" aria-invalid=\"false\" placeholder=\"S\u00e4hk\u00f6posti*\" value=\"\" type=\"email\" name=\"ct_email\" \/><\/span><\/div>\n    <div class=\"ct-input col-lg-12\"><span class=\"wpcf7-form-control-wrap\" data-name=\"ct_phone\"><input size=\"40\" maxlength=\"400\" class=\"wpcf7-form-control wpcf7-tel wpcf7-validates-as-required wpcf7-text wpcf7-validates-as-tel\" aria-required=\"true\" aria-invalid=\"false\" placeholder=\"Puhelin*\" value=\"\" type=\"tel\" name=\"ct_phone\" \/><\/span><\/div>\n    <div class=\"ct-input col-lg-4\"><span class=\"wpcf7-form-control-wrap\" data-name=\"ct_date\"><input class=\"wpcf7-form-control wpcf7-date wpcf7-validates-as-required wpcf7-validates-as-date\" id=\"booking-date\" aria-required=\"true\" aria-invalid=\"false\" value=\"\" type=\"date\" name=\"ct_date\" \/><\/span><\/div>\n    <div class=\"ct-input col-lg-4\"><span class=\"wpcf7-form-control-wrap\" data-name=\"ct_time\"><select class=\"wpcf7-form-control wpcf7-select wpcf7-validates-as-required\" id=\"booking-time\" aria-required=\"true\" aria-invalid=\"false\" name=\"ct_time\"><option value=\"\">Saapumisaika<\/option><\/select><\/span><\/div>\n    <div class=\"ct-input col-lg-4\"><span class=\"wpcf7-form-control-wrap\" data-name=\"ct_number_person\"><select class=\"wpcf7-form-control wpcf7-select\" aria-invalid=\"false\" name=\"ct_number_person\"><option value=\"1 Henkil\u00f6\">1 Henkil\u00f6<\/option><option value=\"2 Henkil\u00f6\u00e4\">2 Henkil\u00f6\u00e4<\/option><option value=\"3 Henkil\u00f6\u00e4\">3 Henkil\u00f6\u00e4<\/option><option value=\"4 Henkil\u00f6\u00e4\">4 Henkil\u00f6\u00e4<\/option><option value=\"5 Henkil\u00f6\u00e4\">5 Henkil\u00f6\u00e4<\/option><option value=\"6 Henkil\u00f6\u00e4\">6 Henkil\u00f6\u00e4<\/option><option value=\"7 Henkil\u00f6\u00e4\">7 Henkil\u00f6\u00e4<\/option><option value=\"8 Henkil\u00f6\u00e4\">8 Henkil\u00f6\u00e4<\/option><option value=\"Yli 8, Soita\">Yli 8, Soita<\/option><\/select><\/span><\/div>\n<\/div>\n<span class=\"wpcf7-form-control-wrap\" data-name=\"acceptance-444\"><span class=\"wpcf7-form-control wpcf7-acceptance\"><span class=\"wpcf7-list-item\"><label><input type=\"checkbox\" name=\"acceptance-444\" value=\"1\" aria-invalid=\"false\" \/><span class=\"wpcf7-list-item-label\">Hyv\u00e4ksyn ehdot.<a href=\"https:\/\/visitnaantali.fi\/ravintolatrappi\/tietosuojaseloste\/\" target=\"_blank\" style=\"color:#c6ac83;\"> Lue lis\u00e4\u00e4<\/a><\/span><\/label><\/span><\/span><\/span>\n<small>T\u00e4m\u00e4 lomake k\u00e4ytt\u00e4\u00e4 Cloudflaren bottisuojausta ja sen tietosuoja- ja ev\u00e4steehtoja sovelletaan. <a href=\"https:\/\/www.cloudflare.com\/turnstile-privacy-policy\/\" target=\"_blank\">Tietosuojak\u00e4yt\u00e4nt\u00f6<\/a>.<\/small>\n<div class=\"ct-input col-lg-12\" style=\"margin-top: 43px;\">\n    <div class=\"pxl-button-wrapper\">\n        <button type=\"submit\" class=\"wpcf7-form-control wpcf7-submit btn btn-fullwidth btn-additional-3\"><span>L\u00e4het\u00e4 Varauspyynt\u00f6<\/span><\/button>\n    <\/div>\n<\/div><div class=\"wpcf7-response-output\" aria-hidden=\"true\"><\/div>\n<\/form>\n<\/div>\n            <\/div>\n        <\/div>\n        \t\t\t\t<\/div>\n\t\t\t\t<\/div>\n\t\t                    <\/div>\r\n        <\/div>\r\n        \t\t\t<\/div>\n\t\t<\/section>\n\t\t                    <\/div>\r\n        <\/div>\r\n                <div class=\"elementor-column elementor-col-50 elementor-top-column elementor-element elementor-element-e0acd5e pxl-column-element-default pxl-column-fullwidth-no\" data-id=\"e0acd5e\" data-element_type=\"column\">\r\n        <div class=\"elementor-widget-wrap elementor-element-populated\">\r\n                    \t\t<div class=\"elementor-element elementor-element-e88c092 elementor-widget elementor-widget-pxl_image\" data-id=\"e88c092\" data-element_type=\"widget\" data-widget_type=\"pxl_image.default\">\n\t\t\t\t<div class=\"elementor-widget-container\">\n\t\t\t\t\t<div id=\"pxl_image-e88c092-5875\" class=\"pxl-image-wg default pxl-bg-parallax pxl-pll-transform\">\n\t\t\t<img fetchpriority=\"high\" decoding=\"async\" width=\"1000\" height=\"1000\" src=\"https:\/\/visitnaantali.fi\/ravintolatrappi\/wp-content\/uploads\/2023\/11\/private-dinner.jpg\" class=\"attachment-full size-full wp-image-7549\" alt=\"\" srcset=\"https:\/\/visitnaantali.fi\/ravintolatrappi\/wp-content\/uploads\/2023\/11\/private-dinner.jpg 1000w, https:\/\/visitnaantali.fi\/ravintolatrappi\/wp-content\/uploads\/2023\/11\/private-dinner-300x300.jpg 300w, https:\/\/visitnaantali.fi\/ravintolatrappi\/wp-content\/uploads\/2023\/11\/private-dinner-150x150.jpg 150w, https:\/\/visitnaantali.fi\/ravintolatrappi\/wp-content\/uploads\/2023\/11\/private-dinner-768x768.jpg 768w, https:\/\/visitnaantali.fi\/ravintolatrappi\/wp-content\/uploads\/2023\/11\/private-dinner-560x560.jpg 560w, https:\/\/visitnaantali.fi\/ravintolatrappi\/wp-content\/uploads\/2023\/11\/private-dinner-600x600.jpg 600w, https:\/\/visitnaantali.fi\/ravintolatrappi\/wp-content\/uploads\/2023\/11\/private-dinner-100x100.jpg 100w\" sizes=\"(max-width: 1000px) 100vw, 1000px\" \/>\t\t\t\t\t<div class=\"parallax-inner\" data-parallax=\"{&quot;x&quot;:-50}\"  style=\"--pxl-image-bg-parallax-inner: url(https:\/\/visitnaantali.fi\/ravintolatrappi\/wp-content\/uploads\/2023\/11\/private-dinner.jpg)\"><\/div>\n\t\t\t<\/div>\n\t\t\t\t<\/div>\n\t\t\t\t<\/div>\n\t\t                    <\/div>\r\n        <\/div>\r\n        \t\t\t<\/div>\n\t\t<\/section>\n\t\t        <section class=\"elementor-section elementor-top-section elementor-element elementor-element-cb2a66c elementor-section-boxed elementor-section-height-default elementor-section-height-default pxl-section-static-pos-no pxl-section-overflow-hidden-no\" data-id=\"cb2a66c\" data-element_type=\"section\">\n\n                \n                <div class=\"elementor-container elementor-column-gap-default \">\n                <div class=\"elementor-column elementor-col-100 elementor-top-column elementor-element elementor-element-dcb446e pxl-column-element-default pxl-column-fullwidth-no\" data-id=\"dcb446e\" data-element_type=\"column\">\r\n        <div class=\"elementor-widget-wrap elementor-element-populated\">\r\n                    \t\t<div class=\"elementor-element elementor-element-5ee7358 elementor-widget elementor-widget-spacer\" data-id=\"5ee7358\" data-element_type=\"widget\" data-widget_type=\"spacer.default\">\n\t\t\t\t<div class=\"elementor-widget-container\">\n\t\t\t\t\t\t\t<div class=\"elementor-spacer\">\n\t\t\t<div class=\"elementor-spacer-inner\"><\/div>\n\t\t<\/div>\n\t\t\t\t\t\t<\/div>\n\t\t\t\t<\/div>\n\t\t                    <\/div>\r\n        <\/div>\r\n        \t\t\t<\/div>\n\t\t<\/section>\n\t\t        <section class=\"elementor-section elementor-top-section elementor-element elementor-element-e46bfdb elementor-section-boxed elementor-section-height-default elementor-section-height-default pxl-section-static-pos-no pxl-section-overflow-hidden-no\" data-id=\"e46bfdb\" data-element_type=\"section\">\n\n                \n                <div class=\"elementor-container elementor-column-gap-default \">\n                <div class=\"elementor-column elementor-col-100 elementor-top-column elementor-element elementor-element-d7c2df2 pxl-column-element-default pxl-column-fullwidth-no\" data-id=\"d7c2df2\" data-element_type=\"column\">\r\n        <div class=\"elementor-widget-wrap elementor-element-populated\">\r\n                    \t\t<div class=\"elementor-element elementor-element-87d27fd pxl-heading-align-center pxl-heading-layout-1 elementor-widget elementor-widget-pxl_heading\" data-id=\"87d27fd\" data-element_type=\"widget\" data-widget_type=\"pxl_heading.default\">\n\t\t\t\t<div class=\"elementor-widget-container\">\n\t\t\t\t\t<div class=\"pxl-heading-wrap d-flex layout1\">\n    <div class=\"pxl-heading-inner\">\n                            <div class=\"heading-subtitle\">\n                <span class=\"subtitle-text \">Sijainti<\/span>\n            <\/div>\n                <h2 class=\"heading-title pxl-split-text split-words-scale\">\n                        kuinka l\u00f6yt\u00e4\u00e4 meid\u00e4t                    <\/h2>\n                    <div class=\"heading-description\">\n                <span>L\u00f6yd\u00e4t alta sijaintimme ja yhteystietomme<\/span>\n            <\/div>\n            <\/div>\n<\/div>\t\t\t\t<\/div>\n\t\t\t\t<\/div>\n\t\t\t\t<div class=\"elementor-element elementor-element-a331458 pxl-divider-align-center elementor-widget elementor-widget-pxl_divider\" data-id=\"a331458\" data-element_type=\"widget\" data-widget_type=\"pxl_divider.default\">\n\t\t\t\t<div class=\"elementor-widget-container\">\n\t\t\t\t\t\n<div class=\"pxl-widget-divider\">\n\t<div class=\"pxl-divider style-2\">\n\t\t\t\t\t<div class=\"diamond-icon\"><\/div>\n\t\t\t<\/div>\n<\/div>\t\t\t\t<\/div>\n\t\t\t\t<\/div>\n\t\t\t\t<div class=\"elementor-element elementor-element-af9b472 pxl-tabs-layout-3 elementor-invisible pxl-elementor-animate elementor-widget elementor-widget-pxl_tabs\" data-id=\"af9b472\" data-element_type=\"widget\" data-settings=\"{&quot;_animation&quot;:&quot;fadeIn&quot;}\" data-widget_type=\"pxl_tabs.default\">\n\t\t\t\t<div class=\"elementor-widget-container\">\n\t\t\t\t\t    <div class=\"pxl-tabs layout-3\">\n                <div class=\"tabs-title\">\n            <div class=\"title-wrap\">\n                                    <span class=\"tab-title active\" data-target=\"#af9b472-6cd45ea\" data-slide=\"0\">\n                        <span>Naantali<\/span>\n                    <\/span>\n                            <\/div>\n        <\/div>\n        <div class=\"tabs-content fadeInUp\">\n                            <div class=\"tab-content active\" id=\"af9b472-6cd45ea\">\t\t<div data-elementor-type=\"wp-post\" data-elementor-id=\"4413\" class=\"elementor elementor-4413\">\n\t\t\t\t        <section class=\"elementor-section elementor-top-section elementor-element elementor-element-491908f elementor-section-boxed elementor-section-height-default elementor-section-height-default pxl-section-static-pos-no pxl-section-overflow-hidden-no\" data-id=\"491908f\" data-element_type=\"section\">\n\n                \n                <div class=\"elementor-container elementor-column-gap-no \">\n                <div class=\"elementor-column elementor-col-33 elementor-top-column elementor-element elementor-element-3d5b95d pxl-column-element-default pxl-column-fullwidth-no\" data-id=\"3d5b95d\" data-element_type=\"column\">\r\n        <div class=\"elementor-widget-wrap elementor-element-populated\">\r\n                    \t\t<div class=\"elementor-element elementor-element-8875d80 elementor-widget elementor-widget-image\" data-id=\"8875d80\" data-element_type=\"widget\" data-widget_type=\"image.default\">\n\t\t\t\t<div class=\"elementor-widget-container\">\n\t\t\t\t\t\t\t\t\t\t\t\t\t\t\t<img decoding=\"async\" width=\"700\" height=\"1001\" src=\"https:\/\/visitnaantali.fi\/ravintolatrappi\/wp-content\/uploads\/2024\/12\/trappi-entrance.jpg\" class=\"attachment-full size-full wp-image-7309\" alt=\"\" srcset=\"https:\/\/visitnaantali.fi\/ravintolatrappi\/wp-content\/uploads\/2024\/12\/trappi-entrance.jpg 700w, https:\/\/visitnaantali.fi\/ravintolatrappi\/wp-content\/uploads\/2024\/12\/trappi-entrance-210x300.jpg 210w, https:\/\/visitnaantali.fi\/ravintolatrappi\/wp-content\/uploads\/2024\/12\/trappi-entrance-392x560.jpg 392w, https:\/\/visitnaantali.fi\/ravintolatrappi\/wp-content\/uploads\/2024\/12\/trappi-entrance-600x858.jpg 600w\" sizes=\"(max-width: 700px) 100vw, 700px\" \/>\t\t\t\t\t\t\t\t\t\t\t\t\t\t\t<\/div>\n\t\t\t\t<\/div>\n\t\t                    <\/div>\r\n        <\/div>\r\n                <div class=\"elementor-column elementor-col-33 elementor-top-column elementor-element elementor-element-73df323 pxl-column-element-default pxl-column-fullwidth-no\" data-id=\"73df323\" data-element_type=\"column\">\r\n        <div class=\"elementor-widget-wrap elementor-element-populated\">\r\n                    \t\t<div class=\"elementor-element elementor-element-f7ec8b8 elementor-widget elementor-widget-google_maps\" data-id=\"f7ec8b8\" data-element_type=\"widget\" data-widget_type=\"google_maps.default\">\n\t\t\t\t<div class=\"elementor-widget-container\">\n\t\t\t\t\t\t\t<div class=\"elementor-custom-embed\">\n\t\t\t<iframe loading=\"lazy\"\n\t\t\t\t\tsrc=\"https:\/\/www.google.com\/maps\/embed\/v1\/place?key=AIzaSyCVFGp0D0uzD6PYiQetE5PYXQ4v9E78EnE&#038;q=Nunnakatu%208%2021100%2C%20Naantali&#038;zoom=14\"\n\t\t\t\t\ttitle=\"Nunnakatu 8 21100, Naantali\"\n\t\t\t\t\taria-label=\"Nunnakatu 8 21100, Naantali\"\n\t\t\t><\/iframe>\n\t\t<\/div>\n\t\t\t\t\t\t<\/div>\n\t\t\t\t<\/div>\n\t\t                    <\/div>\r\n        <\/div>\r\n                <div class=\"elementor-column elementor-col-33 elementor-top-column elementor-element elementor-element-825db64 pxl-column-element-default pxl-column-fullwidth-no\" data-id=\"825db64\" data-element_type=\"column\">\r\n        <div class=\"elementor-widget-wrap elementor-element-populated\">\r\n                            <section class=\"elementor-section elementor-inner-section elementor-element elementor-element-5eecb54 elementor-section-full_width elementor-section-height-min-height elementor-section-height-default pxl-section-offset-none pxl-section-static-pos-no pxl-section-overflow-hidden-no\" data-id=\"5eecb54\" data-element_type=\"section\" data-settings=\"{&quot;background_background&quot;:&quot;classic&quot;}\">\n\n                \n                <div class=\"elementor-container elementor-column-gap-no \">\n                <div class=\"elementor-column elementor-col-100 elementor-inner-column elementor-element elementor-element-1f8d26c pxl-column-element-default pxl-column-fullwidth-no\" data-id=\"1f8d26c\" data-element_type=\"column\">\r\n        <div class=\"elementor-widget-wrap elementor-element-populated\">\r\n                    \t\t<div class=\"elementor-element elementor-element-49444d4 pxl-heading-align-center pxl-heading-layout-1 elementor-widget elementor-widget-pxl_heading\" data-id=\"49444d4\" data-element_type=\"widget\" data-widget_type=\"pxl_heading.default\">\n\t\t\t\t<div class=\"elementor-widget-container\">\n\t\t\t\t\t<div class=\"pxl-heading-wrap d-flex layout1\">\n    <div class=\"pxl-heading-inner\">\n                        <h4 class=\"heading-title\">\n                        Yhteystiedot                    <\/h4>\n            <\/div>\n<\/div>\t\t\t\t<\/div>\n\t\t\t\t<\/div>\n\t\t\t\t<div class=\"elementor-element elementor-element-6e0ea38 elementor-widget-divider--view-line elementor-widget elementor-widget-divider\" data-id=\"6e0ea38\" data-element_type=\"widget\" data-widget_type=\"divider.default\">\n\t\t\t\t<div class=\"elementor-widget-container\">\n\t\t\t\t\t\t\t<div class=\"elementor-divider\">\n\t\t\t<span class=\"elementor-divider-separator\">\n\t\t\t\t\t\t<\/span>\n\t\t<\/div>\n\t\t\t\t\t\t<\/div>\n\t\t\t\t<\/div>\n\t\t\t\t<div class=\"elementor-element elementor-element-abf7252 pxl-heading-align-center pxl-heading-layout-1 elementor-widget elementor-widget-pxl_heading\" data-id=\"abf7252\" data-element_type=\"widget\" data-widget_type=\"pxl_heading.default\">\n\t\t\t\t<div class=\"elementor-widget-container\">\n\t\t\t\t\t<div class=\"pxl-heading-wrap d-flex layout1\">\n    <div class=\"pxl-heading-inner\">\n                        <h4 class=\"heading-title\">\n                        044 709 4080                    <\/h4>\n            <\/div>\n<\/div>\t\t\t\t<\/div>\n\t\t\t\t<\/div>\n\t\t\t\t<div class=\"elementor-element elementor-element-afef474 elementor-widget elementor-widget-pxl_text_editor\" data-id=\"afef474\" data-element_type=\"widget\" data-widget_type=\"pxl_text_editor.default\">\n\t\t\t\t<div class=\"elementor-widget-container\">\n\t\t\t\t\t<div id=\"pxl_text_editor-afef474-3599\" class=\"pxl-text-editor-wrap d-flex\" >\n    <div class=\"pxl-text-editor elementor-clearfix\">\n        <p><a href=\"https:\/\/maps.app.goo.gl\/hvy5YgmyGcsovGYq8\" target=\"_blank\" rel=\"noopener\">Nunnakatu 8<br \/>21100 Naantali<\/a><\/p>    <\/div>\n<\/div>\t\t\t\t<\/div>\n\t\t\t\t<\/div>\n\t\t\t\t<div class=\"elementor-element elementor-element-974f21e elementor-widget elementor-widget-pxl_text_editor\" data-id=\"974f21e\" data-element_type=\"widget\" data-widget_type=\"pxl_text_editor.default\">\n\t\t\t\t<div class=\"elementor-widget-container\">\n\t\t\t\t\t<div id=\"pxl_text_editor-974f21e-9823\" class=\"pxl-text-editor-wrap d-flex\" >\n    <div class=\"pxl-text-editor elementor-clearfix\">\n        <p><a href=\"mailto:asiakaspalvelu@ravintolatrappi.fi\">asiakaspalvelu@ravintolatrappi.fi<\/a><\/p>    <\/div>\n<\/div>\t\t\t\t<\/div>\n\t\t\t\t<\/div>\n\t\t\t\t<div class=\"elementor-element elementor-element-838f49f elementor-widget-divider--view-line elementor-widget elementor-widget-divider\" data-id=\"838f49f\" data-element_type=\"widget\" data-widget_type=\"divider.default\">\n\t\t\t\t<div class=\"elementor-widget-container\">\n\t\t\t\t\t\t\t<div class=\"elementor-divider\">\n\t\t\t<span class=\"elementor-divider-separator\">\n\t\t\t\t\t\t<\/span>\n\t\t<\/div>\n\t\t\t\t\t\t<\/div>\n\t\t\t\t<\/div>\n\t\t\t\t<div class=\"elementor-element elementor-element-5fc353f pxl-heading-align-center pxl-heading-layout-1 elementor-widget elementor-widget-pxl_heading\" data-id=\"5fc353f\" data-element_type=\"widget\" data-widget_type=\"pxl_heading.default\">\n\t\t\t\t<div class=\"elementor-widget-container\">\n\t\t\t\t\t<div class=\"pxl-heading-wrap d-flex layout1\">\n    <div class=\"pxl-heading-inner\">\n                        <h5 class=\"heading-title\">\n                        Aukioloajat:<br \/>\n                    <\/h5>\n            <\/div>\n<\/div>\t\t\t\t<\/div>\n\t\t\t\t<\/div>\n\t\t\t\t<div class=\"elementor-element elementor-element-24d47b6 elementor-widget elementor-widget-pxl_text_editor\" data-id=\"24d47b6\" data-element_type=\"widget\" data-widget_type=\"pxl_text_editor.default\">\n\t\t\t\t<div class=\"elementor-widget-container\">\n\t\t\t\t\t<div id=\"pxl_text_editor-24d47b6-2659\" class=\"pxl-text-editor-wrap d-flex\" >\n    <div class=\"pxl-text-editor elementor-clearfix\">\n        <p>Ma &#8211; Ti : 11.00 &#8211; 22.00<br \/>Ke &#8211; To : 11.00 &#8211; 22.00<br \/>Pe : 11.00 &#8211; 23.00<br \/>La : 12.00 &#8211; 23.00<br \/>Su : 12:00 &#8211; 18:00<\/p>    <\/div>\n<\/div>\t\t\t\t<\/div>\n\t\t\t\t<\/div>\n\t\t                    <\/div>\r\n        <\/div>\r\n        \t\t\t<\/div>\n\t\t<\/section>\n\t\t                    <\/div>\r\n        <\/div>\r\n        \t\t\t<\/div>\n\t\t<\/section>\n\t\t\t\t<\/div>\n\t\t<\/div>\n                    <\/div>\n    <\/div>\n    \t\t\t\t<\/div>\n\t\t\t\t<\/div>\n\t\t                    <\/div>\r\n        <\/div>\r\n        \t\t\t<\/div>\n\t\t<\/section>\n\t\t\t\t<\/div>\n\t\t","protected":false},"excerpt":{"rendered":"<p>Varaus P\u00f6yt\u00e4varaus HUOM! HUOM! HUOM! Ravintolamme vet\u00e4ytyy remonttitauolle 7.1.\u201329.1. v\u00e4liseksi ajaksi. F\u00f6ribaari palvelee viikonloppuisin pe\u2013su, ja ryhmille erikseen sovitavissa. Samalle p\u00e4iv\u00e4lle teht\u00e4v\u00e4t p\u00f6yt\u00e4varaukset pyyd\u00e4mme yst\u00e4v\u00e4llisesti tekem\u00e4\u00e4n puhelimitse numerosta 044 709 4080 tai k\u00e4ym\u00e4ll\u00e4 suoraan ravintolassamme. Yli 8 hengen seurueille pyyd\u00e4mme tekem\u00e4\u00e4n varauksen joko soittamalla tai l\u00e4hett\u00e4m\u00e4ll\u00e4 s\u00e4hk\u00f6postia osoitteeseen asiakaspalvelu@ravintolatrappi.fi. N\u00e4in voimme varmistaa teille parhaan mahdollisen [&hellip;]<\/p>\n","protected":false},"author":1,"featured_media":0,"parent":0,"menu_order":0,"comment_status":"closed","ping_status":"closed","template":"","meta":{"footnotes":""},"class_list":["post-4385","page","type-page","status-publish","hentry"],"_links":{"self":[{"href":"https:\/\/visitnaantali.fi\/ravintolatrappi\/wp-json\/wp\/v2\/pages\/4385","targetHints":{"allow":["GET"]}}],"collection":[{"href":"https:\/\/visitnaantali.fi\/ravintolatrappi\/wp-json\/wp\/v2\/pages"}],"about":[{"href":"https:\/\/visitnaantali.fi\/ravintolatrappi\/wp-json\/wp\/v2\/types\/page"}],"author":[{"embeddable":true,"href":"https:\/\/visitnaantali.fi\/ravintolatrappi\/wp-json\/wp\/v2\/users\/1"}],"replies":[{"embeddable":true,"href":"https:\/\/visitnaantali.fi\/ravintolatrappi\/wp-json\/wp\/v2\/comments?post=4385"}],"version-history":[{"count":2,"href":"https:\/\/visitnaantali.fi\/ravintolatrappi\/wp-json\/wp\/v2\/pages\/4385\/revisions"}],"predecessor-version":[{"id":9428,"href":"https:\/\/visitnaantali.fi\/ravintolatrappi\/wp-json\/wp\/v2\/pages\/4385\/revisions\/9428"}],"wp:attachment":[{"href":"https:\/\/visitnaantali.fi\/ravintolatrappi\/wp-json\/wp\/v2\/media?parent=4385"}],"curies":[{"name":"wp","href":"https:\/\/api.w.org\/{rel}","templated":true}]}}