{"id":7859,"date":"2024-12-22T11:05:25","date_gmt":"2024-12-22T11:05:25","guid":{"rendered":"https:\/\/visitnaantali.fi\/ravintolatrappi\/?page_id=7859"},"modified":"2026-03-04T14:00:08","modified_gmt":"2026-03-04T14:00:08","slug":"trapin-piha","status":"publish","type":"page","link":"https:\/\/visitnaantali.fi\/ravintolatrappi\/trapin-piha\/","title":{"rendered":"Trapin Piha"},"content":{"rendered":"\t\t<div data-elementor-type=\"wp-page\" data-elementor-id=\"7859\" class=\"elementor elementor-7859\">\n\t\t\t\t        <section class=\"elementor-section elementor-top-section elementor-element elementor-element-22ac127 elementor-section-boxed elementor-section-height-default elementor-section-height-default pxl-section-static-pos-no pxl-section-overflow-hidden-no\" data-id=\"22ac127\" data-element_type=\"section\" data-settings=\"{&quot;background_background&quot;:&quot;classic&quot;}\">\n\n                            <div class=\"elementor-background-overlay\"><\/div>\n            \n                <div class=\"elementor-container elementor-column-gap-default \">\n                <div class=\"elementor-column elementor-col-100 elementor-top-column elementor-element elementor-element-3aff670 pxl-column-element-default pxl-column-fullwidth-no\" data-id=\"3aff670\" data-element_type=\"column\">\r\n        <div class=\"elementor-widget-wrap elementor-element-populated\">\r\n                    \t\t<div class=\"elementor-element elementor-element-4d305ca pxl-heading-align-center pxl-heading-align--mobile_extracenter pxl-heading-align--mobilecenter pxl-heading-layout-1 elementor-widget elementor-widget-pxl_heading\" data-id=\"4d305ca\" data-element_type=\"widget\" data-widget_type=\"pxl_heading.default\">\n\t\t\t\t<div class=\"elementor-widget-container\">\n\t\t\t\t\t<div class=\"pxl-heading-wrap d-flex layout1\">\n    <div class=\"pxl-heading-inner\">\n                        <h2 class=\"heading-title\">\n                        Tunnelmaa luostarikirkon kupeessa                    <\/h2>\n            <\/div>\n<\/div>\t\t\t\t<\/div>\n\t\t\t\t<\/div>\n\t\t\t\t<div class=\"elementor-element elementor-element-9414d1c pxl-divider-align--tablet_extracenter pxl-divider-align--laptopcenter pxl-divider-align--tabletcenter pxl-divider-align-center pxl-divider-align--mobile_extracenter pxl-divider-align--mobilecenter elementor-widget elementor-widget-pxl_divider\" data-id=\"9414d1c\" data-element_type=\"widget\" data-widget_type=\"pxl_divider.default\">\n\t\t\t\t<div class=\"elementor-widget-container\">\n\t\t\t\t\t\n<div class=\"pxl-widget-divider\">\n\t<div class=\"pxl-divider style-2 pxl-scroll\">\n\t\t\t\t\t<div class=\"diamond-icon\"><\/div>\n\t\t\t<\/div>\n<\/div>\t\t\t\t<\/div>\n\t\t\t\t<\/div>\n\t\t\t\t<div class=\"elementor-element elementor-element-5d07f90 elementor-widget elementor-widget-pxl_text_editor\" data-id=\"5d07f90\" data-element_type=\"widget\" data-widget_type=\"pxl_text_editor.default\">\n\t\t\t\t<div class=\"elementor-widget-container\">\n\t\t\t\t\t<div id=\"pxl_text_editor-5d07f90-8606\" class=\"pxl-text-editor-wrap d-flex\" >\n    <div class=\"pxl-text-editor elementor-clearfix\">\n        <p>Kes\u00e4inen Trapin piha tarjoaa herkullisia annoksia suoraan kuumana kes\u00e4keitti\u00f6st\u00e4mme.<br>K\u00e4y tutustumassa ruokalistaamme ja tule nauttimaan merellisest\u00e4 ruokakokemuksesta!<\/p>    <\/div>\n<\/div>\t\t\t\t<\/div>\n\t\t\t\t<\/div>\n\t\t\t\t<div class=\"elementor-element elementor-element-58616fc elementor-widget elementor-widget-spacer\" data-id=\"58616fc\" data-element_type=\"widget\" data-widget_type=\"spacer.default\">\n\t\t\t\t<div class=\"elementor-widget-container\">\n\t\t\t\t\t\t\t<div class=\"elementor-spacer\">\n\t\t\t<div class=\"elementor-spacer-inner\"><\/div>\n\t\t<\/div>\n\t\t\t\t\t\t<\/div>\n\t\t\t\t<\/div>\n\t\t                    <\/div>\r\n        <\/div>\r\n        \t\t\t<\/div>\n\t\t<\/section>\n\t\t        <section class=\"elementor-section elementor-top-section elementor-element elementor-element-5646fed elementor-section-boxed elementor-section-height-default elementor-section-height-default pxl-section-static-pos-no pxl-section-overflow-hidden-no\" data-id=\"5646fed\" data-element_type=\"section\">\n\n                \n                <div class=\"elementor-container elementor-column-gap-default \">\n                <div class=\"elementor-column elementor-col-50 elementor-top-column elementor-element elementor-element-d9a9e48 pxl-column-element-default pxl-column-fullwidth-no\" data-id=\"d9a9e48\" data-element_type=\"column\">\r\n        <div class=\"elementor-widget-wrap elementor-element-populated\">\r\n                    \t\t<div class=\"elementor-element elementor-element-8d8b440 elementor-invisible pxl-elementor-animate elementor-widget elementor-widget-pxl_image\" data-id=\"8d8b440\" data-element_type=\"widget\" data-settings=\"{&quot;_animation&quot;:&quot;fadeIn&quot;}\" data-widget_type=\"pxl_image.default\">\n\t\t\t\t<div class=\"elementor-widget-container\">\n\t\t\t\t\t<div id=\"pxl_image-8d8b440-9673\" class=\"pxl-image-wg draw-from-top default\">\n\t\t\t<img fetchpriority=\"high\" decoding=\"async\" width=\"800\" height=\"1061\" src=\"https:\/\/visitnaantali.fi\/ravintolatrappi\/wp-content\/uploads\/2024\/12\/foribaari-2.jpg\" class=\"attachment-full size-full wp-image-7729\" alt=\"\" srcset=\"https:\/\/visitnaantali.fi\/ravintolatrappi\/wp-content\/uploads\/2024\/12\/foribaari-2.jpg 800w, https:\/\/visitnaantali.fi\/ravintolatrappi\/wp-content\/uploads\/2024\/12\/foribaari-2-226x300.jpg 226w, https:\/\/visitnaantali.fi\/ravintolatrappi\/wp-content\/uploads\/2024\/12\/foribaari-2-772x1024.jpg 772w, https:\/\/visitnaantali.fi\/ravintolatrappi\/wp-content\/uploads\/2024\/12\/foribaari-2-768x1019.jpg 768w, https:\/\/visitnaantali.fi\/ravintolatrappi\/wp-content\/uploads\/2024\/12\/foribaari-2-422x560.jpg 422w, https:\/\/visitnaantali.fi\/ravintolatrappi\/wp-content\/uploads\/2024\/12\/foribaari-2-600x796.jpg 600w\" sizes=\"(max-width: 800px) 100vw, 800px\" \/>\t\t\t<\/div>\n\t\t\t\t<\/div>\n\t\t\t\t<\/div>\n\t\t\t\t<div class=\"elementor-element elementor-element-6cfbfc7 elementor-widget__width-auto elementor-absolute elementor-invisible pxl-elementor-animate elementor-widget elementor-widget-pxl_image\" data-id=\"6cfbfc7\" data-element_type=\"widget\" data-settings=\"{&quot;_position&quot;:&quot;absolute&quot;,&quot;_animation&quot;:&quot;fadeIn&quot;,&quot;_animation_delay&quot;:300}\" data-widget_type=\"pxl_image.default\">\n\t\t\t\t<div class=\"elementor-widget-container\">\n\t\t\t\t\t<div id=\"pxl_image-6cfbfc7-3744\" class=\"pxl-image-wg draw-from-top default\" data-settings=\"{&quot;animation_delay&quot;:800}\">\n\t\t\t<img decoding=\"async\" width=\"900\" height=\"1062\" src=\"https:\/\/visitnaantali.fi\/ravintolatrappi\/wp-content\/uploads\/2024\/12\/piha44.jpg\" class=\"attachment-full size-full wp-image-7872\" alt=\"\" srcset=\"https:\/\/visitnaantali.fi\/ravintolatrappi\/wp-content\/uploads\/2024\/12\/piha44.jpg 900w, https:\/\/visitnaantali.fi\/ravintolatrappi\/wp-content\/uploads\/2024\/12\/piha44-254x300.jpg 254w, https:\/\/visitnaantali.fi\/ravintolatrappi\/wp-content\/uploads\/2024\/12\/piha44-868x1024.jpg 868w, https:\/\/visitnaantali.fi\/ravintolatrappi\/wp-content\/uploads\/2024\/12\/piha44-768x906.jpg 768w, https:\/\/visitnaantali.fi\/ravintolatrappi\/wp-content\/uploads\/2024\/12\/piha44-475x560.jpg 475w, https:\/\/visitnaantali.fi\/ravintolatrappi\/wp-content\/uploads\/2024\/12\/piha44-600x708.jpg 600w\" sizes=\"(max-width: 900px) 100vw, 900px\" \/>\t\t\t<\/div>\n\t\t\t\t<\/div>\n\t\t\t\t<\/div>\n\t\t                    <\/div>\r\n        <\/div>\r\n                <div class=\"elementor-column elementor-col-50 elementor-top-column elementor-element elementor-element-27f9ed8 pxl-column-element-default pxl-column-fullwidth-no\" data-id=\"27f9ed8\" data-element_type=\"column\">\r\n        <div class=\"elementor-widget-wrap elementor-element-populated\">\r\n                    \t\t<div class=\"elementor-element elementor-element-ec3dc74 pxl-heading-align-left pxl-heading-align--mobile_extracenter pxl-heading-align--tabletcenter pxl-heading-align--mobilecenter pxl-heading-layout-1 elementor-widget elementor-widget-pxl_heading\" data-id=\"ec3dc74\" data-element_type=\"widget\" data-widget_type=\"pxl_heading.default\">\n\t\t\t\t<div class=\"elementor-widget-container\">\n\t\t\t\t\t<div class=\"pxl-heading-wrap d-flex layout1\">\n    <div class=\"pxl-heading-inner\">\n                            <div class=\"heading-subtitle\">\n                <span class=\"subtitle-text \">Kes\u00e4ll\u00e4 kirkas valo, maukas olut ja l\u00e4mmin aurinko<\/span>\n            <\/div>\n                <h2 class=\"heading-title\">\n                                            <\/h2>\n            <\/div>\n<\/div>\t\t\t\t<\/div>\n\t\t\t\t<\/div>\n\t\t\t\t<div class=\"elementor-element elementor-element-4a2fa70 pxl-divider-align-left pxl-divider-align--mobile_extracenter pxl-divider-align--tabletcenter pxl-divider-align--mobilecenter elementor-widget elementor-widget-pxl_divider\" data-id=\"4a2fa70\" data-element_type=\"widget\" data-widget_type=\"pxl_divider.default\">\n\t\t\t\t<div class=\"elementor-widget-container\">\n\t\t\t\t\t\n<div class=\"pxl-widget-divider\">\n\t<div class=\"pxl-divider style-2 pxl-scroll\">\n\t\t\t\t\t<div class=\"diamond-icon\"><\/div>\n\t\t\t<\/div>\n<\/div>\t\t\t\t<\/div>\n\t\t\t\t<\/div>\n\t\t\t\t<div class=\"elementor-element elementor-element-2ba8091 elementor-widget elementor-widget-pxl_text_editor\" data-id=\"2ba8091\" data-element_type=\"widget\" data-widget_type=\"pxl_text_editor.default\">\n\t\t\t\t<div class=\"elementor-widget-container\">\n\t\t\t\t\t<div id=\"pxl_text_editor-2ba8091-7793\" class=\"pxl-text-editor-wrap d-flex\" >\n    <div class=\"pxl-text-editor elementor-clearfix hyphens-auto\">\n        <p>F\u00f6ribaari on Trapin Pihan yhteydess\u00e4 ymp\u00e4rivuoden toimiva ravintola-baari. F\u00f6ribaarissa yhdistyy perinteikkyys, sek\u00e4 rento tunnelma, ja siell\u00e4 viihtyy varmasti niin pienemm\u00e4ll\u00e4 kuin suuremmallakin porukalla!<\/p>    <\/div>\n<\/div>\t\t\t\t<\/div>\n\t\t\t\t<\/div>\n\t\t\t\t<div class=\"elementor-element elementor-element-824439c elementor-align-start elementor-align-center elementor-align-center elementor-align-center elementor-widget elementor-widget-pxl_button\" data-id=\"824439c\" data-element_type=\"widget\" data-widget_type=\"pxl_button.default\">\n\t\t\t\t<div class=\"elementor-widget-container\">\n\t\t\t\t\t<div id=\"pxl_button-824439c-9507\" class=\"pxl-button-wrapper d-flex pxl-button-layout1\">\n    <a class=\"btn btn-additional-3 icon-ps-right  pxl-split-text split-in-up\">\n                <span class=\"pxl-button-text\" data-text=\"Trapin Pihan Menu\">Trapin Pihan Menu<\/span>\n            <\/a>\n<\/div>\t\t\t\t<\/div>\n\t\t\t\t<\/div>\n\t\t                    <\/div>\r\n        <\/div>\r\n        \t\t\t<\/div>\n\t\t<\/section>\n\t\t        <section class=\"elementor-section elementor-top-section elementor-element elementor-element-13d0eec elementor-section-boxed elementor-section-height-default elementor-section-height-default pxl-section-static-pos-no pxl-section-overflow-hidden-no\" data-id=\"13d0eec\" data-element_type=\"section\">\n\n                \n                <div class=\"elementor-container elementor-column-gap-default \">\n                <div class=\"elementor-column elementor-col-100 elementor-top-column elementor-element elementor-element-aa38e28 pxl-column-element-default pxl-column-fullwidth-no\" data-id=\"aa38e28\" data-element_type=\"column\">\r\n        <div class=\"elementor-widget-wrap elementor-element-populated\">\r\n                    \t\t<div class=\"elementor-element elementor-element-f56df62 elementor-widget elementor-widget-spacer\" data-id=\"f56df62\" data-element_type=\"widget\" data-widget_type=\"spacer.default\">\n\t\t\t\t<div class=\"elementor-widget-container\">\n\t\t\t\t\t\t\t<div class=\"elementor-spacer\">\n\t\t\t<div class=\"elementor-spacer-inner\"><\/div>\n\t\t<\/div>\n\t\t\t\t\t\t<\/div>\n\t\t\t\t<\/div>\n\t\t                    <\/div>\r\n        <\/div>\r\n        \t\t\t<\/div>\n\t\t<\/section>\n\t\t        <section class=\"elementor-section elementor-top-section elementor-element elementor-element-7d5ca68 elementor-section-full_width elementor-section-height-default elementor-section-height-default pxl-section-offset-none pxl-section-static-pos-no pxl-section-overflow-hidden-no\" data-id=\"7d5ca68\" data-element_type=\"section\">\n\n                \n                <div class=\"elementor-container elementor-column-gap-no \">\n                <div class=\"elementor-column elementor-col-100 elementor-top-column elementor-element elementor-element-6ede6fc pxl-column-element-default pxl-column-fullwidth-no\" data-id=\"6ede6fc\" data-element_type=\"column\">\r\n        <div class=\"elementor-widget-wrap elementor-element-populated\">\r\n                    \t\t<div class=\"elementor-element elementor-element-a68d6f1 elementor-widget elementor-widget-pxl_image_carousel\" data-id=\"a68d6f1\" data-element_type=\"widget\" data-widget_type=\"pxl_image_carousel.default\">\n\t\t\t\t<div class=\"elementor-widget-container\">\n\t\t\t\t\t\n<div class=\"pxl-swiper-slider pxl-image-carousel layout-1\">\n        <div class=\"pxl-swiper-slider-wrap pxl-carousel-inner add-custom-cursor relative\">\n        <div class=\"pxl-swiper-container overflow-hidden\" dir=\"ltr\" data-settings=\"{&quot;slide_direction&quot;:&quot;horizontal&quot;,&quot;slide_percolumn&quot;:1,&quot;slide_mode&quot;:&quot;slide&quot;,&quot;slides_to_show_xxl&quot;:5,&quot;slides_to_show&quot;:5,&quot;slides_to_show_lg&quot;:5,&quot;slides_to_show_md&quot;:4,&quot;slides_to_show_sm&quot;:1,&quot;slides_to_show_xs&quot;:1,&quot;slides_to_scroll&quot;:1,&quot;slides_gutter&quot;:10,&quot;arrow&quot;:true,&quot;dots&quot;:true,&quot;dots_style&quot;:&quot;bullets&quot;,&quot;autoplay&quot;:false,&quot;pause_on_hover&quot;:false,&quot;pause_on_interaction&quot;:true,&quot;delay&quot;:5000,&quot;loop&quot;:true,&quot;speed&quot;:400}\">\n            <div class=\"pxl-swiper-wrapper swiper-wrapper\">\n                                    <div class=\"pxl-swiper-slide swiper-slide\">\n                                                    <div class=\"item-inner\">\n                                <img decoding=\"async\" class=\"no-lazyload \" src=\"https:\/\/visitnaantali.fi\/ravintolatrappi\/wp-content\/uploads\/2024\/12\/piha41-400x400.jpg\" width=\"400\" height=\"400\" alt=\"piha41\" title=\"piha41\" \/>                            <\/div>\n                                            <\/div>\n                                    <div class=\"pxl-swiper-slide swiper-slide\">\n                                                    <div class=\"item-inner\">\n                                <img loading=\"lazy\" decoding=\"async\" class=\"no-lazyload \" src=\"https:\/\/visitnaantali.fi\/ravintolatrappi\/wp-content\/uploads\/2025\/07\/20250716_074205-scaled-400x400.jpg\" width=\"400\" height=\"400\" alt=\"20250716_074205\" title=\"20250716_074205\" \/>                            <\/div>\n                                            <\/div>\n                                    <div class=\"pxl-swiper-slide swiper-slide\">\n                                                    <div class=\"item-inner\">\n                                <img loading=\"lazy\" decoding=\"async\" class=\"no-lazyload \" src=\"https:\/\/visitnaantali.fi\/ravintolatrappi\/wp-content\/uploads\/2025\/07\/20250716_074441-scaled-400x400.jpg\" width=\"400\" height=\"400\" alt=\"20250716_074441\" title=\"20250716_074441\" \/>                            <\/div>\n                                            <\/div>\n                                    <div class=\"pxl-swiper-slide swiper-slide\">\n                                                    <div class=\"item-inner\">\n                                <img loading=\"lazy\" decoding=\"async\" class=\"no-lazyload \" src=\"https:\/\/visitnaantali.fi\/ravintolatrappi\/wp-content\/uploads\/2025\/07\/20250716_074547-scaled-400x400.jpg\" width=\"400\" height=\"400\" alt=\"20250716_074547\" title=\"20250716_074547\" \/>                            <\/div>\n                                            <\/div>\n                                    <div class=\"pxl-swiper-slide swiper-slide\">\n                                                    <div class=\"item-inner\">\n                                <img loading=\"lazy\" decoding=\"async\" class=\"no-lazyload \" src=\"https:\/\/visitnaantali.fi\/ravintolatrappi\/wp-content\/uploads\/2025\/07\/20250716_074610-scaled-400x400.jpg\" width=\"400\" height=\"400\" alt=\"20250716_074610\" title=\"20250716_074610\" \/>                            <\/div>\n                                            <\/div>\n                                    <div class=\"pxl-swiper-slide swiper-slide\">\n                                                    <div class=\"item-inner\">\n                                <img loading=\"lazy\" decoding=\"async\" class=\"no-lazyload \" src=\"https:\/\/visitnaantali.fi\/ravintolatrappi\/wp-content\/uploads\/2025\/07\/20250716_093343-scaled-400x400.jpg\" width=\"400\" height=\"400\" alt=\"20250716_093343\" title=\"20250716_093343\" \/>                            <\/div>\n                                            <\/div>\n                                    <div class=\"pxl-swiper-slide swiper-slide\">\n                                                    <div class=\"item-inner\">\n                                <img loading=\"lazy\" decoding=\"async\" class=\"no-lazyload \" src=\"https:\/\/visitnaantali.fi\/ravintolatrappi\/wp-content\/uploads\/2025\/07\/20250717_090420-scaled-400x400.jpg\" width=\"400\" height=\"400\" alt=\"20250717_090420\" title=\"20250717_090420\" \/>                            <\/div>\n                                            <\/div>\n                                    <div class=\"pxl-swiper-slide swiper-slide\">\n                                                    <div class=\"item-inner\">\n                                <img loading=\"lazy\" decoding=\"async\" class=\"no-lazyload \" src=\"https:\/\/visitnaantali.fi\/ravintolatrappi\/wp-content\/uploads\/2025\/07\/20250613_125925-\u2013-kopio-scaled-400x400.jpg\" width=\"400\" height=\"400\" alt=\"20250613_125925 \u2013 kopio\" title=\"20250613_125925 \u2013 kopio\" \/>                            <\/div>\n                                            <\/div>\n                                    <div class=\"pxl-swiper-slide swiper-slide\">\n                                                    <div class=\"item-inner\">\n                                <img loading=\"lazy\" decoding=\"async\" class=\"no-lazyload \" src=\"https:\/\/visitnaantali.fi\/ravintolatrappi\/wp-content\/uploads\/2025\/07\/20250613_133629-scaled-400x400.jpg\" width=\"400\" height=\"400\" alt=\"20250613_133629\" title=\"20250613_133629\" \/>                            <\/div>\n                                            <\/div>\n                                    <div class=\"pxl-swiper-slide swiper-slide\">\n                                                    <div class=\"item-inner\">\n                                <img loading=\"lazy\" decoding=\"async\" class=\"no-lazyload \" src=\"https:\/\/visitnaantali.fi\/ravintolatrappi\/wp-content\/uploads\/2025\/07\/20250613_140941-scaled-400x400.jpg\" width=\"400\" height=\"400\" alt=\"20250613_140941\" title=\"20250613_140941\" \/>                            <\/div>\n                                            <\/div>\n                                    <div class=\"pxl-swiper-slide swiper-slide\">\n                                                    <div class=\"item-inner\">\n                                <img loading=\"lazy\" decoding=\"async\" class=\"no-lazyload \" src=\"https:\/\/visitnaantali.fi\/ravintolatrappi\/wp-content\/uploads\/2025\/07\/20250613_141206-\u2013-kopio-scaled-400x400.jpg\" width=\"400\" height=\"400\" alt=\"20250613_141206 \u2013 kopio\" title=\"20250613_141206 \u2013 kopio\" \/>                            <\/div>\n                                            <\/div>\n                                    <div class=\"pxl-swiper-slide swiper-slide\">\n                                                    <div class=\"item-inner\">\n                                <img loading=\"lazy\" decoding=\"async\" class=\"no-lazyload \" src=\"https:\/\/visitnaantali.fi\/ravintolatrappi\/wp-content\/uploads\/2025\/07\/20250613_1412230-scaled-400x400.jpg\" width=\"400\" height=\"400\" alt=\"20250613_141223(0)\" title=\"20250613_141223(0)\" \/>                            <\/div>\n                                            <\/div>\n                                    <div class=\"pxl-swiper-slide swiper-slide\">\n                                                    <div class=\"item-inner\">\n                                <img loading=\"lazy\" decoding=\"async\" class=\"no-lazyload \" src=\"https:\/\/visitnaantali.fi\/ravintolatrappi\/wp-content\/uploads\/2025\/07\/20250613_155042-scaled-400x400.jpg\" width=\"400\" height=\"400\" alt=\"20250613_155042\" title=\"20250613_155042\" \/>                            <\/div>\n                                            <\/div>\n                            <\/div>\n        <\/div>\n            <div class=\"pxl-swiper-arrows style-2\">\n        <div class=\"pxl-swiper-arrow pxl-swiper-arrow-prev center-vertical\">\n            <span class=\"pxl-icon pxli pxli-arrow-prev\"><\/span>        <\/div>\n        <div class=\"pxl-swiper-arrow pxl-swiper-arrow-next center-vertical\">\n            <span class=\"pxl-icon pxli pxli-arrow-next\"><\/span>        <\/div>\n    <\/div>\n            <div class=\"pxl-swiper-dots\"><\/div>\n    <\/div>\n<\/div>\t\t\t\t<\/div>\n\t\t\t\t<\/div>\n\t\t                    <\/div>\r\n        <\/div>\r\n        \t\t\t<\/div>\n\t\t<\/section>\n\t\t\t\t<\/div>\n\t\t","protected":false},"excerpt":{"rendered":"<p>Tunnelmaa luostarikirkon kupeessa Kes\u00e4inen Trapin piha tarjoaa herkullisia annoksia suoraan kuumana kes\u00e4keitti\u00f6st\u00e4mme.K\u00e4y tutustumassa ruokalistaamme ja tule nauttimaan merellisest\u00e4 ruokakokemuksesta! Kes\u00e4ll\u00e4 kirkas valo, maukas olut ja l\u00e4mmin aurinko F\u00f6ribaari on Trapin Pihan yhteydess\u00e4 ymp\u00e4rivuoden toimiva ravintola-baari. F\u00f6ribaarissa yhdistyy perinteikkyys, sek\u00e4 rento tunnelma, ja siell\u00e4 viihtyy varmasti niin pienemm\u00e4ll\u00e4 kuin suuremmallakin porukalla! Trapin Pihan Menu<\/p>\n","protected":false},"author":1,"featured_media":0,"parent":0,"menu_order":0,"comment_status":"closed","ping_status":"closed","template":"","meta":{"footnotes":""},"class_list":["post-7859","page","type-page","status-publish","hentry"],"_links":{"self":[{"href":"https:\/\/visitnaantali.fi\/ravintolatrappi\/wp-json\/wp\/v2\/pages\/7859","targetHints":{"allow":["GET"]}}],"collection":[{"href":"https:\/\/visitnaantali.fi\/ravintolatrappi\/wp-json\/wp\/v2\/pages"}],"about":[{"href":"https:\/\/visitnaantali.fi\/ravintolatrappi\/wp-json\/wp\/v2\/types\/page"}],"author":[{"embeddable":true,"href":"https:\/\/visitnaantali.fi\/ravintolatrappi\/wp-json\/wp\/v2\/users\/1"}],"replies":[{"embeddable":true,"href":"https:\/\/visitnaantali.fi\/ravintolatrappi\/wp-json\/wp\/v2\/comments?post=7859"}],"version-history":[{"count":2,"href":"https:\/\/visitnaantali.fi\/ravintolatrappi\/wp-json\/wp\/v2\/pages\/7859\/revisions"}],"predecessor-version":[{"id":9511,"href":"https:\/\/visitnaantali.fi\/ravintolatrappi\/wp-json\/wp\/v2\/pages\/7859\/revisions\/9511"}],"wp:attachment":[{"href":"https:\/\/visitnaantali.fi\/ravintolatrappi\/wp-json\/wp\/v2\/media?parent=7859"}],"curies":[{"name":"wp","href":"https:\/\/api.w.org\/{rel}","templated":true}]}}