{"id":8180,"date":"2024-12-26T00:16:28","date_gmt":"2024-12-26T00:16:28","guid":{"rendered":"https:\/\/visitnaantali.fi\/ravintolatrappi\/?page_id=8180"},"modified":"2025-07-08T20:46:25","modified_gmt":"2025-07-08T20:46:25","slug":"evastekaytanto","status":"publish","type":"page","link":"https:\/\/visitnaantali.fi\/ravintolatrappi\/evastekaytanto\/","title":{"rendered":"Ev\u00e4stek\u00e4yt\u00e4nt\u00f6"},"content":{"rendered":"\t\t<div data-elementor-type=\"wp-page\" data-elementor-id=\"8180\" class=\"elementor elementor-8180\">\n\t\t\t\t        <section class=\"elementor-section elementor-top-section elementor-element elementor-element-21c16a0 elementor-section-boxed elementor-section-height-default elementor-section-height-default pxl-section-static-pos-no pxl-section-overflow-hidden-no\" data-id=\"21c16a0\" data-element_type=\"section\" data-settings=\"{&quot;background_background&quot;:&quot;classic&quot;}\">\n\n                            <div class=\"elementor-background-overlay\"><\/div>\n            \n                <div class=\"elementor-container elementor-column-gap-default \">\n                <div class=\"elementor-column elementor-col-100 elementor-top-column elementor-element elementor-element-f4a083c pxl-column-element-default pxl-column-fullwidth-no\" data-id=\"f4a083c\" data-element_type=\"column\">\r\n        <div class=\"elementor-widget-wrap elementor-element-populated\">\r\n                    \t\t<div class=\"elementor-element elementor-element-33c34a9 elementor-widget elementor-widget-pxl_text_editor\" data-id=\"33c34a9\" data-element_type=\"widget\" data-widget_type=\"pxl_text_editor.default\">\n\t\t\t\t<div class=\"elementor-widget-container\">\n\t\t\t\t\t<div id=\"pxl_text_editor-33c34a9-5118\" class=\"pxl-text-editor-wrap d-flex\" >\n    <div class=\"pxl-text-editor elementor-clearfix\">\n        <p>Voimaantulop\u00e4iv\u00e4: 26. Jou-2024<br \/>Viimeksi p\u00e4ivitetty: 08. Hei-2025<\/p>    <\/div>\n<\/div>\t\t\t\t<\/div>\n\t\t\t\t<\/div>\n\t\t\t\t<div class=\"elementor-element elementor-element-c37ea8f elementor-widget elementor-widget-spacer\" data-id=\"c37ea8f\" data-element_type=\"widget\" data-widget_type=\"spacer.default\">\n\t\t\t\t<div class=\"elementor-widget-container\">\n\t\t\t\t\t\t\t<div class=\"elementor-spacer\">\n\t\t\t<div class=\"elementor-spacer-inner\"><\/div>\n\t\t<\/div>\n\t\t\t\t\t\t<\/div>\n\t\t\t\t<\/div>\n\t\t\t\t<div class=\"elementor-element elementor-element-82756d2 pxl-heading-align-center pxl-heading-align--mobile_extraleft pxl-heading-layout-1 elementor-widget elementor-widget-pxl_heading\" data-id=\"82756d2\" data-element_type=\"widget\" data-widget_type=\"pxl_heading.default\">\n\t\t\t\t<div class=\"elementor-widget-container\">\n\t\t\t\t\t<div class=\"pxl-heading-wrap d-flex layout1\">\n    <div class=\"pxl-heading-inner\">\n                        <h2 class=\"heading-title\">\n                        Ev\u00e4steet                    <\/h2>\n            <\/div>\n<\/div>\t\t\t\t<\/div>\n\t\t\t\t<\/div>\n\t\t\t\t<div class=\"elementor-element elementor-element-a350bb8 elementor-widget elementor-widget-spacer\" data-id=\"a350bb8\" data-element_type=\"widget\" data-widget_type=\"spacer.default\">\n\t\t\t\t<div class=\"elementor-widget-container\">\n\t\t\t\t\t\t\t<div class=\"elementor-spacer\">\n\t\t\t<div class=\"elementor-spacer-inner\"><\/div>\n\t\t<\/div>\n\t\t\t\t\t\t<\/div>\n\t\t\t\t<\/div>\n\t\t\t\t<div class=\"elementor-element elementor-element-b3c35db pxl-heading-align-center pxl-heading-align--mobile_extraleft pxl-heading-layout-1 elementor-widget elementor-widget-pxl_heading\" data-id=\"b3c35db\" data-element_type=\"widget\" data-widget_type=\"pxl_heading.default\">\n\t\t\t\t<div class=\"elementor-widget-container\">\n\t\t\t\t\t<div class=\"pxl-heading-wrap d-flex layout1\">\n    <div class=\"pxl-heading-inner\">\n                            <div class=\"heading-subtitle\">\n                <span class=\"subtitle-text \">Mit\u00e4 Ev\u00e4steet Ovat?<\/span>\n            <\/div>\n                <h2 class=\"heading-title\">\n                                            <\/h2>\n            <\/div>\n<\/div>\t\t\t\t<\/div>\n\t\t\t\t<\/div>\n\t\t\t\t<div class=\"elementor-element elementor-element-be1c6f5 pxl-divider-align--tablet_extracenter pxl-divider-align--laptopcenter pxl-divider-align--tabletcenter pxl-divider-align-center pxl-divider-align--mobile_extraleft elementor-widget elementor-widget-pxl_divider\" data-id=\"be1c6f5\" data-element_type=\"widget\" data-widget_type=\"pxl_divider.default\">\n\t\t\t\t<div class=\"elementor-widget-container\">\n\t\t\t\t\t\n<div class=\"pxl-widget-divider\">\n\t<div class=\"pxl-divider style-2 pxl-scroll\">\n\t\t\t\t\t<div class=\"diamond-icon\"><\/div>\n\t\t\t<\/div>\n<\/div>\t\t\t\t<\/div>\n\t\t\t\t<\/div>\n\t\t\t\t<div class=\"elementor-element elementor-element-803bab1 elementor-widget elementor-widget-pxl_text_editor\" data-id=\"803bab1\" data-element_type=\"widget\" data-widget_type=\"pxl_text_editor.default\">\n\t\t\t\t<div class=\"elementor-widget-container\">\n\t\t\t\t\t<div id=\"pxl_text_editor-803bab1-6206\" class=\"pxl-text-editor-wrap d-flex\" >\n    <div class=\"pxl-text-editor elementor-clearfix\">\n                    <span class=\"pxl-dropcap\"><p style=\"text-align: justify;\">T\u00e4m\u00e4 ev\u00e4stek\u00e4yt\u00e4nt\u00f6 selitt\u00e4\u00e4, mit\u00e4 ev\u00e4steet ovat ja kuinka k\u00e4yt\u00e4mme niit\u00e4, mink\u00e4 tyyppisi\u00e4 ev\u00e4steit\u00e4 k\u00e4yt\u00e4mme eli mit\u00e4 tietoja ker\u00e4\u00e4mme ev\u00e4steiden avulla ja kuinka n\u00e4it\u00e4 tietoja k\u00e4ytet\u00e4\u00e4n sek\u00e4 kuinka ev\u00e4steasetuksia hallitaan.<\/p>\n<p style=\"text-align: justify;\">Ev\u00e4steet ovat pieni\u00e4 tekstitiedostoja, joita k\u00e4ytet\u00e4\u00e4n pienten tietojen tallentamiseen. Ne tallennetaan laitteellesi, kun verkkosivusto ladataan selaimeesi. N\u00e4m\u00e4 ev\u00e4steet auttavat meit\u00e4 saamaan verkkosivuston toimimaan oikein, tekem\u00e4\u00e4n siit\u00e4 turvallisemman, tarjoamaan paremman k\u00e4ytt\u00f6kokemuksen ja ymm\u00e4rt\u00e4m\u00e4\u00e4n, miten verkkosivusto toimii, sek\u00e4 analysoimaan, mik\u00e4 toimii ja miss\u00e4 sit\u00e4 on parannettava.<\/p><\/span>\n                <\/div>\n<\/div>\t\t\t\t<\/div>\n\t\t\t\t<\/div>\n\t\t\t\t<div class=\"elementor-element elementor-element-889bed6 elementor-widget elementor-widget-spacer\" data-id=\"889bed6\" data-element_type=\"widget\" data-widget_type=\"spacer.default\">\n\t\t\t\t<div class=\"elementor-widget-container\">\n\t\t\t\t\t\t\t<div class=\"elementor-spacer\">\n\t\t\t<div class=\"elementor-spacer-inner\"><\/div>\n\t\t<\/div>\n\t\t\t\t\t\t<\/div>\n\t\t\t\t<\/div>\n\t\t\t\t<div class=\"elementor-element elementor-element-df0d17a pxl-heading-align-center pxl-heading-align--mobile_extraleft pxl-heading-layout-1 elementor-widget elementor-widget-pxl_heading\" data-id=\"df0d17a\" data-element_type=\"widget\" data-widget_type=\"pxl_heading.default\">\n\t\t\t\t<div class=\"elementor-widget-container\">\n\t\t\t\t\t<div class=\"pxl-heading-wrap d-flex layout1\">\n    <div class=\"pxl-heading-inner\">\n                            <div class=\"heading-subtitle\">\n                <span class=\"subtitle-text \">Kuinka K\u00e4yt\u00e4mme Ev\u00e4steit\u00e4?<\/span>\n            <\/div>\n                <h2 class=\"heading-title\">\n                                            <\/h2>\n            <\/div>\n<\/div>\t\t\t\t<\/div>\n\t\t\t\t<\/div>\n\t\t\t\t<div class=\"elementor-element elementor-element-bad4dfd pxl-divider-align--tablet_extracenter pxl-divider-align--laptopcenter pxl-divider-align--tabletcenter pxl-divider-align-center pxl-divider-align--mobile_extraleft elementor-widget elementor-widget-pxl_divider\" data-id=\"bad4dfd\" data-element_type=\"widget\" data-widget_type=\"pxl_divider.default\">\n\t\t\t\t<div class=\"elementor-widget-container\">\n\t\t\t\t\t\n<div class=\"pxl-widget-divider\">\n\t<div class=\"pxl-divider style-2 pxl-scroll\">\n\t\t\t\t\t<div class=\"diamond-icon\"><\/div>\n\t\t\t<\/div>\n<\/div>\t\t\t\t<\/div>\n\t\t\t\t<\/div>\n\t\t\t\t<div class=\"elementor-element elementor-element-969117e elementor-widget elementor-widget-pxl_text_editor\" data-id=\"969117e\" data-element_type=\"widget\" data-widget_type=\"pxl_text_editor.default\">\n\t\t\t\t<div class=\"elementor-widget-container\">\n\t\t\t\t\t<div id=\"pxl_text_editor-969117e-1894\" class=\"pxl-text-editor-wrap d-flex\" >\n    <div class=\"pxl-text-editor elementor-clearfix\">\n        <p style=\"text-align: justify;\">Kuten suurin osa verkkopalveluista, verkkosivustomme k\u00e4ytt\u00e4\u00e4 ensimm\u00e4isen ja kolmannen osapuolen ev\u00e4steit\u00e4 useisiin tarkoituksiin. Ensimm\u00e4isen osapuolen ev\u00e4steet ovat enimm\u00e4kseen v\u00e4ltt\u00e4m\u00e4tt\u00f6mi\u00e4 verkkosivuston toimimiseksi oikein, eiv\u00e4tk\u00e4 ne ker\u00e4\u00e4 henkil\u00f6kohtaisia \u200b\u200btunnistetietojasi.<\/p><p style=\"text-align: justify;\">Sivustollamme k\u00e4ytetyt kolmannen osapuolen ev\u00e4steet ovat tarkoitettu p\u00e4\u00e4asiassa ymm\u00e4rt\u00e4m\u00e4\u00e4n, kuinka verkkosivusto toimii, kuinka olet vuorovaikutuksessa verkkosivustomme kanssa, pit\u00e4m\u00e4\u00e4n palvelumme turvassa, tarjoamaan sinulle merkityksellisi\u00e4 mainoksia ja kaiken kaikkiaan tarjoamaan sinulle paremman ja paremman k\u00e4ytt\u00e4j\u00e4n kokemusta ja nopeuttaa tulevaa vuorovaikutustasi verkkosivustomme kanssa.<\/p><p style=\"text-align: justify;\">Jos j\u00e4t\u00e4t kommentin sivustolle, voit valita nimen, s\u00e4hk\u00f6postiosoitteen ja url-osoitteen tallennuksen ev\u00e4steeseen. T\u00e4m\u00e4 toiminto lis\u00e4\u00e4 k\u00e4ytt\u00f6mukavuutta, koska lomaketta ei tarvitse t\u00e4ytt\u00e4\u00e4 jokaisella kerralla uudelleen kommenttia lis\u00e4tess\u00e4. Ev\u00e4stetieto poistetaan selaimesta vuoden kuluttua.<\/p><p style=\"text-align: justify;\">Mik\u00e4li sinulla on tili ja kirjaudut sivustolle asetamme v\u00e4liaikaisen ev\u00e4steen, joka p\u00e4\u00e4ttelee tukeeko selaimesi ev\u00e4steit\u00e4 vai ei. T\u00e4m\u00e4 ev\u00e4ste ei sis\u00e4ll\u00e4 henkil\u00f6tietoa ja se poistetaan kun selainikkuna suljetaan.<\/p><p style=\"text-align: justify;\">Kun kirjaudut sis\u00e4\u00e4n asetamme useita ev\u00e4steit\u00e4, jotka tallentavat kirjautumis- sek\u00e4 n\u00e4ytt\u00f6asetuksesi. Kirjautumisev\u00e4steet poistetaan kahden vuorokauden kuluessa, n\u00e4ytt\u00f6asetuksiin liittyv\u00e4t ev\u00e4steet poistuvat vuoden p\u00e4\u00e4st\u00e4. Mik\u00e4li valitset \u201cMuista minut\u201d kirjautumisen yhteydess\u00e4, kirjautumistietojasi s\u00e4ilytet\u00e4\u00e4n kahden viikon ajan. Mik\u00e4li kirjaudut ulos, kirjautumiseen liittyv\u00e4t ev\u00e4steet poistetaan samassa yhteydess\u00e4.<\/p>    <\/div>\n<\/div>\t\t\t\t<\/div>\n\t\t\t\t<\/div>\n\t\t\t\t<div class=\"elementor-element elementor-element-fed551a elementor-widget elementor-widget-spacer\" data-id=\"fed551a\" data-element_type=\"widget\" data-widget_type=\"spacer.default\">\n\t\t\t\t<div class=\"elementor-widget-container\">\n\t\t\t\t\t\t\t<div class=\"elementor-spacer\">\n\t\t\t<div class=\"elementor-spacer-inner\"><\/div>\n\t\t<\/div>\n\t\t\t\t\t\t<\/div>\n\t\t\t\t<\/div>\n\t\t\t\t<div class=\"elementor-element elementor-element-fd23ad2 pxl-heading-align-center pxl-heading-align--mobile_extraleft pxl-heading-layout-1 elementor-widget elementor-widget-pxl_heading\" data-id=\"fd23ad2\" data-element_type=\"widget\" data-widget_type=\"pxl_heading.default\">\n\t\t\t\t<div class=\"elementor-widget-container\">\n\t\t\t\t\t<div class=\"pxl-heading-wrap d-flex layout1\">\n    <div class=\"pxl-heading-inner\">\n                            <div class=\"heading-subtitle\">\n                <span class=\"subtitle-text \">K\u00e4ytt\u00e4m\u00e4mme Ev\u00e4stetyypit<\/span>\n            <\/div>\n                <h2 class=\"heading-title\">\n                                            <\/h2>\n            <\/div>\n<\/div>\t\t\t\t<\/div>\n\t\t\t\t<\/div>\n\t\t\t\t<div class=\"elementor-element elementor-element-7aedcaf pxl-divider-align--tablet_extracenter pxl-divider-align--laptopcenter pxl-divider-align--tabletcenter pxl-divider-align-center pxl-divider-align--mobile_extraleft elementor-widget elementor-widget-pxl_divider\" data-id=\"7aedcaf\" data-element_type=\"widget\" data-widget_type=\"pxl_divider.default\">\n\t\t\t\t<div class=\"elementor-widget-container\">\n\t\t\t\t\t\n<div class=\"pxl-widget-divider\">\n\t<div class=\"pxl-divider style-2 pxl-scroll\">\n\t\t\t\t\t<div class=\"diamond-icon\"><\/div>\n\t\t\t<\/div>\n<\/div>\t\t\t\t<\/div>\n\t\t\t\t<\/div>\n\t\t\t\t<div class=\"elementor-element elementor-element-78c456c elementor-widget elementor-widget-html\" data-id=\"78c456c\" data-element_type=\"widget\" data-widget_type=\"html.default\">\n\t\t\t\t<div class=\"elementor-widget-container\">\n\t\t\t\t\t<div class= \"cky-audit-table-element\"><\/div>\t\t\t\t<\/div>\n\t\t\t\t<\/div>\n\t\t\t\t<div class=\"elementor-element elementor-element-c456ed9 elementor-widget elementor-widget-spacer\" data-id=\"c456ed9\" data-element_type=\"widget\" data-widget_type=\"spacer.default\">\n\t\t\t\t<div class=\"elementor-widget-container\">\n\t\t\t\t\t\t\t<div class=\"elementor-spacer\">\n\t\t\t<div class=\"elementor-spacer-inner\"><\/div>\n\t\t<\/div>\n\t\t\t\t\t\t<\/div>\n\t\t\t\t<\/div>\n\t\t\t\t<div class=\"elementor-element elementor-element-84de506 pxl-heading-align-center pxl-heading-align--mobile_extraleft pxl-heading-layout-1 elementor-widget elementor-widget-pxl_heading\" data-id=\"84de506\" data-element_type=\"widget\" data-widget_type=\"pxl_heading.default\">\n\t\t\t\t<div class=\"elementor-widget-container\">\n\t\t\t\t\t<div class=\"pxl-heading-wrap d-flex layout1\">\n    <div class=\"pxl-heading-inner\">\n                            <div class=\"heading-subtitle\">\n                <span class=\"subtitle-text \">Hallinnoi Ev\u00e4steasetuksia<\/span>\n            <\/div>\n                <h2 class=\"heading-title\">\n                                            <\/h2>\n            <\/div>\n<\/div>\t\t\t\t<\/div>\n\t\t\t\t<\/div>\n\t\t\t\t<div class=\"elementor-element elementor-element-5cd6343 pxl-divider-align--tablet_extracenter pxl-divider-align--laptopcenter pxl-divider-align--tabletcenter pxl-divider-align-center pxl-divider-align--mobile_extraleft elementor-widget elementor-widget-pxl_divider\" data-id=\"5cd6343\" data-element_type=\"widget\" data-widget_type=\"pxl_divider.default\">\n\t\t\t\t<div class=\"elementor-widget-container\">\n\t\t\t\t\t\n<div class=\"pxl-widget-divider\">\n\t<div class=\"pxl-divider style-2 pxl-scroll\">\n\t\t\t\t\t<div class=\"diamond-icon\"><\/div>\n\t\t\t<\/div>\n<\/div>\t\t\t\t<\/div>\n\t\t\t\t<\/div>\n\t\t\t\t<div class=\"elementor-element elementor-element-39606fc elementor-widget elementor-widget-pxl_text_editor\" data-id=\"39606fc\" data-element_type=\"widget\" data-widget_type=\"pxl_text_editor.default\">\n\t\t\t\t<div class=\"elementor-widget-container\">\n\t\t\t\t\t<div id=\"pxl_text_editor-39606fc-2368\" class=\"pxl-text-editor-wrap d-flex\" >\n    <div class=\"pxl-text-editor elementor-clearfix\">\n        <p style=\"text-align: justify;\">Voit muuttaa ev\u00e4steasetuksiasi milloin tahansa napsauttamalla yll\u00e4 olevaa painiketta. N\u00e4in voit palata ev\u00e4steiden suostumusbanneriin ja muuttaa asetuksiasi tai peruuttaa suostumuksesi v\u00e4litt\u00f6m\u00e4sti.<\/p>\n<p style=\"text-align: justify;\">T\u00e4m\u00e4n lis\u00e4ksi eri selaimet tarjoavat erilaisia \u200b\u200btapoja est\u00e4\u00e4 ja poistaa verkkosivustojen k\u00e4ytt\u00e4mi\u00e4 ev\u00e4steit\u00e4. Voit muuttaa selaimesi asetuksia est\u00e4\u00e4ksesi\/poistaaksesi ev\u00e4steet. Alla on linkit tukiasiakirjoihin, jotka koskevat ev\u00e4steiden hallintaa ja poistamista yleisimmist\u00e4 verkkoselaimista.<\/p>\n\n<p style=\"text-align:left;\">Chrome: <a href=\"https:\/\/support.google.com\/accounts\/answer\/32050\" target=\"_blank\">https:\/\/support.google.com\/accounts\/answer\/32050<\/a><\/p>\n\n<p style=\"text-align:left;\">Safari: <a href=\"https:\/\/support.apple.com\/en-in\/guide\/safari\/sfri11471\/mac\" target=\"_blank\">https:\/\/support.apple.com\/en-in\/guide\/safari\/sfri11471\/mac<\/a><\/p>\n\n<p style=\"text-align:left;\">Firefox: <a href=\"https:\/\/support.mozilla.org\/en-US\/kb\/clear-cookies-and-site-data-firefox?redirectslug=delete-cookies-remove-info-websites-stored&#038;redirectlocale=en-US\u00b4\" target=\"_blank\">https:\/\/support.mozilla.org\/en-US\/kb\/clear-cookies-and-site-data-firefox?redirectslug=delete-cookies-remove-info-websites-stored&amp;redirectlocale=en-US\u00b4<\/a><\/p>\n\n<p style=\"text-align:left;\">Internet Explorer: https:\/\/support.microsoft.com\/en-us\/topic\/how-to-delete-cookie-files-in-internet-explorer-bca9446f-d873-78de-77ba-d42645fa52fc<\/p>\n<p style=\"text-align: justify;\">Jos k\u00e4yt\u00e4t jotain muuta verkkoselainta, k\u00e4y selaimesi virallisissa tukiasiakirjoissa.<\/p>    <\/div>\n<\/div>\t\t\t\t<\/div>\n\t\t\t\t<\/div>\n\t\t                    <\/div>\r\n        <\/div>\r\n        \t\t\t<\/div>\n\t\t<\/section>\n\t\t\t\t<\/div>\n\t\t","protected":false},"excerpt":{"rendered":"<p>Voimaantulop\u00e4iv\u00e4: 26. Jou-2024Viimeksi p\u00e4ivitetty: 08. Hei-2025 Ev\u00e4steet Mit\u00e4 Ev\u00e4steet Ovat? T\u00e4m\u00e4 ev\u00e4stek\u00e4yt\u00e4nt\u00f6 selitt\u00e4\u00e4, mit\u00e4 ev\u00e4steet ovat ja kuinka k\u00e4yt\u00e4mme niit\u00e4, mink\u00e4 tyyppisi\u00e4 ev\u00e4steit\u00e4 k\u00e4yt\u00e4mme eli mit\u00e4 tietoja ker\u00e4\u00e4mme ev\u00e4steiden avulla ja kuinka n\u00e4it\u00e4 tietoja k\u00e4ytet\u00e4\u00e4n sek\u00e4 kuinka ev\u00e4steasetuksia hallitaan. Ev\u00e4steet ovat pieni\u00e4 tekstitiedostoja, joita k\u00e4ytet\u00e4\u00e4n pienten tietojen tallentamiseen. Ne tallennetaan laitteellesi, kun verkkosivusto ladataan selaimeesi. [&hellip;]<\/p>\n","protected":false},"author":1,"featured_media":0,"parent":0,"menu_order":0,"comment_status":"closed","ping_status":"closed","template":"","meta":{"footnotes":""},"class_list":["post-8180","page","type-page","status-publish","hentry"],"_links":{"self":[{"href":"https:\/\/visitnaantali.fi\/ravintolatrappi\/wp-json\/wp\/v2\/pages\/8180","targetHints":{"allow":["GET"]}}],"collection":[{"href":"https:\/\/visitnaantali.fi\/ravintolatrappi\/wp-json\/wp\/v2\/pages"}],"about":[{"href":"https:\/\/visitnaantali.fi\/ravintolatrappi\/wp-json\/wp\/v2\/types\/page"}],"author":[{"embeddable":true,"href":"https:\/\/visitnaantali.fi\/ravintolatrappi\/wp-json\/wp\/v2\/users\/1"}],"replies":[{"embeddable":true,"href":"https:\/\/visitnaantali.fi\/ravintolatrappi\/wp-json\/wp\/v2\/comments?post=8180"}],"version-history":[{"count":0,"href":"https:\/\/visitnaantali.fi\/ravintolatrappi\/wp-json\/wp\/v2\/pages\/8180\/revisions"}],"wp:attachment":[{"href":"https:\/\/visitnaantali.fi\/ravintolatrappi\/wp-json\/wp\/v2\/media?parent=8180"}],"curies":[{"name":"wp","href":"https:\/\/api.w.org\/{rel}","templated":true}]}}